{"id":8,"date":"2025-04-13T20:02:12","date_gmt":"2025-04-13T19:02:12","guid":{"rendered":"http:\/\/sourceinfo.ci\/?page_id=8"},"modified":"2025-04-13T20:02:12","modified_gmt":"2025-04-13T19:02:12","slug":"contacter-lequipe","status":"publish","type":"page","link":"https:\/\/sourceinfo.ci\/?page_id=8","title":{"rendered":"Contacter l\u2019Equipe"},"content":{"rendered":"<p>Julien Simon: R\u00e9dactrice en chef<\/p>\n<p>Gr\u00e9goire Bernard: \u00c9diteur<\/p>\n<p>Arthur Morel: Directeur<\/p>\n<p>Virginie Moreau: Secr\u00e9taire de r\u00e9daction<\/p>\n<p>Viviane Bernard: Auteur<\/p>\n<\/p>\n<p>35 Rue Pierre et Dominique Ponchardier, 42100 Saint-\u00c9tienne, France<br \/>editors@sourceinfo.ci<\/p>\n","protected":false},"excerpt":{"rendered":"<p>Julien Simon: R\u00e9dactrice en chef Gr\u00e9goire Bernard: \u00c9diteur Arthur Morel: Directeur Virginie Moreau: Secr\u00e9taire de r\u00e9daction Viviane Bernard: Auteur 35 Rue Pierre et&#8230;<\/p>\n","protected":false},"author":0,"featured_media":0,"parent":0,"menu_order":0,"comment_status":"closed","ping_status":"closed","template":"","meta":{"footnotes":""},"class_list":["post-8","page","type-page","status-publish","hentry"],"_links":{"self":[{"href":"https:\/\/sourceinfo.ci\/index.php?rest_route=\/wp\/v2\/pages\/8","targetHints":{"allow":["GET"]}}],"collection":[{"href":"https:\/\/sourceinfo.ci\/index.php?rest_route=\/wp\/v2\/pages"}],"about":[{"href":"https:\/\/sourceinfo.ci\/index.php?rest_route=\/wp\/v2\/types\/page"}],"replies":[{"embeddable":true,"href":"https:\/\/sourceinfo.ci\/index.php?rest_route=%2Fwp%2Fv2%2Fcomments&post=8"}],"version-history":[{"count":0,"href":"https:\/\/sourceinfo.ci\/index.php?rest_route=\/wp\/v2\/pages\/8\/revisions"}],"wp:attachment":[{"href":"https:\/\/sourceinfo.ci\/index.php?rest_route=%2Fwp%2Fv2%2Fmedia&parent=8"}],"curies":[{"name":"wp","href":"https:\/\/api.w.org\/{rel}","templated":true}]}}